{"id":3,"date":"2020-10-09T14:04:48","date_gmt":"2020-10-09T17:04:48","guid":{"rendered":"http:\/\/127.0.0.1:8787\/?page_id=3"},"modified":"2021-09-05T22:53:04","modified_gmt":"2021-09-06T01:53:04","slug":"aviso-de-cookies","status":"publish","type":"page","link":"https:\/\/cidadedoscondominios.com.br\/expocenter\/aviso-de-cookies\/","title":{"rendered":"Aviso de Cookies"},"content":{"rendered":"<p><strong>Quais dados pessoais coletamos e porque<\/strong><\/p><p>Somos transparentes em rela\u00e7\u00e3o ao Quais que fazemos dos seus dados pessoais, para que compreenda as implica\u00e7\u00f5es da forma como utilizamos os seus dados e os seus direitos em rela\u00e7\u00e3o a estas informa\u00e7\u00f5es.<\/p><p>A Cidade dos Condom\u00ednios coleta informa\u00e7\u00f5es dos usu\u00e1rios de algumas formas:<\/p><h2 class=\"wp-block-heading\">Formul\u00e1rios de contato, coment\u00e1rios ou newsletter<\/h2><p><strong>Cookies<\/strong><\/p><p>Ao deixar um coment\u00e1rio ou se cadastrar em nosso newsletter, voc\u00ea poder\u00e1 optar por salvar seu nome, e-mail e site nos cookies. Isso visa seu conforto, assim voc\u00ea n\u00e3o precisar\u00e1 preencher seus dados novamente. Estes cookies duram um ano.<\/p><p><strong>M\u00eddia incorporada de outros sites<\/strong><\/p><p>Algumas p\u00e1ginas neste site podem incluir conte\u00fado incorporado como, por exemplo, v\u00eddeos, imagens, artigos, etc. Conte\u00fados incorporados de outros sites se comportam exatamente da mesma forma como se o visitante estivesse visitando o outro site.<\/p><p>Estes sites podem coletar dados sobre voc\u00ea, usar cookies, incorporar rastreamento adicional de terceiros e monitorar sua intera\u00e7\u00e3o com este conte\u00fado incorporado, incluindo sua intera\u00e7\u00e3o com o conte\u00fado incorporado se voc\u00ea tem uma conta e est\u00e1 conectado com o site.<\/p><p><strong>An\u00e1lises<\/strong><\/p><p>Neste site, utilizamos o Google Analytics para fazer a an\u00e1lise de dados de acesso ao site. A pol\u00edtica de privacidade deles pode ser encontrada aqui.<\/p><p><strong>Com quem partilhamos seus dados<\/strong><\/p><p>Partilhamos seus dados pessoais a empresas fornecedoras terceiras, que nos forne\u00e7am suporte nos servi\u00e7os que oferecemos a voc\u00ea, isto \u00e9:<\/p><p>Entidades de detec\u00e7\u00e3o e preven\u00e7\u00e3o da fraude,<br \/>Fornecedores de servi\u00e7os tecnol\u00f3gicos e anal\u00edticos,<br \/>Fornecedores de servi\u00e7os e colaboradores relacionados com marketing e publicidade, tais como redes sociais, ag\u00eancias ou parceiros publicit\u00e1rios.<\/p><p><strong>Quais os seus direitos sobre seus dados<\/strong><\/p><p>Se voc\u00ea tiver uma conta neste site a Lei Geral de Prote\u00e7\u00e3o de Dados (LGPD) d\u00e1 ao Cliente o direito de solicitar solicitar que removamos qualquer dado pessoal que mantemos sobre voc\u00ea. Isto n\u00e3o inclui nenhuns dados que somos obrigados a manter para prop\u00f3sitos administrativos, legais ou de seguran\u00e7a.<\/p><p><strong>Para onde enviamos seus dados<\/strong><\/p><p>Coment\u00e1rios de visitantes podem ser marcados por um servi\u00e7o autom\u00e1tico de detec\u00e7\u00e3o de spam.<\/p><h3 class=\"wp-block-heading\">Suas informa\u00e7\u00f5es de contato<\/h3><p>Quest\u00f5es espec\u00edficas sobre privacidade devem ser encaminhadas para <a href=\"mailto:contato@cidadedoscondominios.com.br\" target=\"_blank\" rel=\"noreferrer noopener\">contato@cidadedoscondominios.com.br<\/a><\/p><h3 class=\"wp-block-heading\">Informa\u00e7\u00f5es adicionais<\/h3><p><strong>Como protegemos seus dados<\/strong><\/p><p>A Cidade dos Condom\u00ednios utiliza os melhores protocolos de seguran\u00e7a para preservar a privacidade dos dados dos usu\u00e1rios, mas tamb\u00e9m recomenda medidas de prote\u00e7\u00e3o individual.<\/p><p>Para manter a seguran\u00e7a e prote\u00e7\u00e3o dos seus dados pessoais devem ser compartilhados com terceiros.<\/p><p>N\u00e3o solicitamos dados pessoais por telefone, WhatsApp ou SMS. Em nenhuma hip\u00f3tese eles devem ser fornecidos, pois pode ser uma tentativa de uso indevido.<\/p><p><strong>Quais s\u00e3o nossos procedimentos contra viola\u00e7\u00e3o de dados<\/strong><\/p><p>No caso de sofrermos algum tipo de viola\u00e7\u00e3o de seguran\u00e7a que comprometam os seus dados, tanto voc\u00ea quanto as entidades competentes a este tipo de fraude ser\u00e3o informados com a maior anteced\u00eancia poss\u00edvel pelos meios de contato informados no seu cadastro.<\/p><p><strong>De quais terceiros n\u00f3s recebemos dados<\/strong><\/p><p>Recebemos dados estat\u00edsticos do Google Analytics, de anunciantes e parceiros comerciais. Os dados estat\u00edsticos incluem informa\u00e7\u00f5es impessoais de navega\u00e7\u00e3o tais como origem da visita, tempo de perman\u00eancia no site, quantidade de p\u00e1ginas vistas e frequ\u00eancia de visitas ao site.<\/p><p>Os dados de anunciantes incluem informa\u00e7\u00f5es impessoais tais como faixa et\u00e1ria, regi\u00e3o geogr\u00e1fica e dispositivo utilizado para navega\u00e7\u00e3o. Em todos os casos, n\u00e3o h\u00e1, em nenhum n\u00edvel, coleta de dados pessoais nem possibilidade de identifica\u00e7\u00e3o do visitante por meio desses dados. Todas as informa\u00e7\u00f5es s\u00e3o coletadas em car\u00e1ter an\u00f4nimo.<\/p><p><strong>Requisitos obrigat\u00f3rios de divulga\u00e7\u00e3o para sua categoria profissional<\/strong><\/p><p>A Cidade dos Condom\u00ednios n\u00e3o necessita dispor de tais informa\u00e7\u00f5es por n\u00e3o fazer parte de nenhuma categoria respectiva.<\/p><p><strong>Legisla\u00e7\u00e3o e foro<\/strong><\/p><p>Esta pol\u00edtica ser\u00e1 regida, interpretada e executada de acordo com as Leis da Rep\u00fablica Federativa do Brasil, especialmente a Lei n\u00ba 13.709\/2018, independentemente das Leis de outros estados ou pa\u00edses, sendo competente o foro de domic\u00edlio do Cliente para dirimir qualquer d\u00favida decorrente deste documento.<\/p>","protected":false},"excerpt":{"rendered":"<p>Quais dados pessoais coletamos e porque Somos transparentes em rela\u00e7\u00e3o ao Quais que fazemos dos seus dados pessoais, para que compreenda as implica\u00e7\u00f5es da forma como utilizamos os seus dados e os seus direitos em rela\u00e7\u00e3o a estas informa\u00e7\u00f5es. A Cidade dos Condom\u00ednios coleta informa\u00e7\u00f5es dos usu\u00e1rios de algumas formas: Formul\u00e1rios de contato, coment\u00e1rios ou [&hellip;]<\/p>\n","protected":false},"author":1,"featured_media":0,"parent":0,"menu_order":0,"comment_status":"closed","ping_status":"closed","template":"","meta":{"footnotes":""},"class_list":["post-3","page","type-page","status-publish","hentry"],"yoast_head":"<!-- This site is optimized with the Yoast SEO plugin v26.9 - https:\/\/yoast.com\/product\/yoast-seo-wordpress\/ -->\n<title>Aviso de Cookies - Cidade dos Condom\u00ednios<\/title>\n<meta name=\"robots\" content=\"index, follow, max-snippet:-1, max-image-preview:large, max-video-preview:-1\" \/>\n<link rel=\"canonical\" href=\"https:\/\/cidadedoscondominios.com.br\/expocenter\/aviso-de-cookies\/\" \/>\n<meta property=\"og:locale\" content=\"pt_BR\" \/>\n<meta property=\"og:type\" content=\"article\" \/>\n<meta property=\"og:title\" content=\"Aviso de Cookies - Cidade dos Condom\u00ednios\" \/>\n<meta property=\"og:description\" content=\"Quais dados pessoais coletamos e porque Somos transparentes em rela\u00e7\u00e3o ao Quais que fazemos dos seus dados pessoais, para que compreenda as implica\u00e7\u00f5es da forma como utilizamos os seus dados e os seus direitos em rela\u00e7\u00e3o a estas informa\u00e7\u00f5es. A Cidade dos Condom\u00ednios coleta informa\u00e7\u00f5es dos usu\u00e1rios de algumas formas: Formul\u00e1rios de contato, coment\u00e1rios ou [&hellip;]\" \/>\n<meta property=\"og:url\" content=\"https:\/\/cidadedoscondominios.com.br\/expocenter\/aviso-de-cookies\/\" \/>\n<meta property=\"og:site_name\" content=\"Cidade dos Condom\u00ednios\" \/>\n<meta property=\"article:modified_time\" content=\"2021-09-06T01:53:04+00:00\" \/>\n<meta name=\"twitter:card\" content=\"summary_large_image\" \/>\n<meta name=\"twitter:label1\" content=\"Est. tempo de leitura\" \/>\n\t<meta name=\"twitter:data1\" content=\"4 minutos\" \/>\n<script type=\"application\/ld+json\" class=\"yoast-schema-graph\">{\"@context\":\"https:\/\/schema.org\",\"@graph\":[{\"@type\":\"WebPage\",\"@id\":\"https:\/\/cidadedoscondominios.com.br\/expocenter\/aviso-de-cookies\/\",\"url\":\"https:\/\/cidadedoscondominios.com.br\/expocenter\/aviso-de-cookies\/\",\"name\":\"Aviso de Cookies - Cidade dos Condom\u00ednios\",\"isPartOf\":{\"@id\":\"https:\/\/cidadedoscondominios.com.br\/expocenter\/#website\"},\"datePublished\":\"2020-10-09T17:04:48+00:00\",\"dateModified\":\"2021-09-06T01:53:04+00:00\",\"breadcrumb\":{\"@id\":\"https:\/\/cidadedoscondominios.com.br\/expocenter\/aviso-de-cookies\/#breadcrumb\"},\"inLanguage\":\"pt-BR\",\"potentialAction\":[{\"@type\":\"ReadAction\",\"target\":[\"https:\/\/cidadedoscondominios.com.br\/expocenter\/aviso-de-cookies\/\"]}]},{\"@type\":\"BreadcrumbList\",\"@id\":\"https:\/\/cidadedoscondominios.com.br\/expocenter\/aviso-de-cookies\/#breadcrumb\",\"itemListElement\":[{\"@type\":\"ListItem\",\"position\":1,\"name\":\"In\u00edcio\",\"item\":\"https:\/\/cidadedoscondominios.com.br\/expocenter\/\"},{\"@type\":\"ListItem\",\"position\":2,\"name\":\"Aviso de Cookies\"}]},{\"@type\":\"WebSite\",\"@id\":\"https:\/\/cidadedoscondominios.com.br\/expocenter\/#website\",\"url\":\"https:\/\/cidadedoscondominios.com.br\/expocenter\/\",\"name\":\"Cidade dos Condom\u00ednios\",\"description\":\"ExpoCenter\",\"potentialAction\":[{\"@type\":\"SearchAction\",\"target\":{\"@type\":\"EntryPoint\",\"urlTemplate\":\"https:\/\/cidadedoscondominios.com.br\/expocenter\/?s={search_term_string}\"},\"query-input\":{\"@type\":\"PropertyValueSpecification\",\"valueRequired\":true,\"valueName\":\"search_term_string\"}}],\"inLanguage\":\"pt-BR\"}]}<\/script>\n<!-- \/ Yoast SEO plugin. -->","yoast_head_json":{"title":"Aviso de Cookies - Cidade dos Condom\u00ednios","robots":{"index":"index","follow":"follow","max-snippet":"max-snippet:-1","max-image-preview":"max-image-preview:large","max-video-preview":"max-video-preview:-1"},"canonical":"https:\/\/cidadedoscondominios.com.br\/expocenter\/aviso-de-cookies\/","og_locale":"pt_BR","og_type":"article","og_title":"Aviso de Cookies - Cidade dos Condom\u00ednios","og_description":"Quais dados pessoais coletamos e porque Somos transparentes em rela\u00e7\u00e3o ao Quais que fazemos dos seus dados pessoais, para que compreenda as implica\u00e7\u00f5es da forma como utilizamos os seus dados e os seus direitos em rela\u00e7\u00e3o a estas informa\u00e7\u00f5es. A Cidade dos Condom\u00ednios coleta informa\u00e7\u00f5es dos usu\u00e1rios de algumas formas: Formul\u00e1rios de contato, coment\u00e1rios ou [&hellip;]","og_url":"https:\/\/cidadedoscondominios.com.br\/expocenter\/aviso-de-cookies\/","og_site_name":"Cidade dos Condom\u00ednios","article_modified_time":"2021-09-06T01:53:04+00:00","twitter_card":"summary_large_image","twitter_misc":{"Est. tempo de leitura":"4 minutos"},"schema":{"@context":"https:\/\/schema.org","@graph":[{"@type":"WebPage","@id":"https:\/\/cidadedoscondominios.com.br\/expocenter\/aviso-de-cookies\/","url":"https:\/\/cidadedoscondominios.com.br\/expocenter\/aviso-de-cookies\/","name":"Aviso de Cookies - Cidade dos Condom\u00ednios","isPartOf":{"@id":"https:\/\/cidadedoscondominios.com.br\/expocenter\/#website"},"datePublished":"2020-10-09T17:04:48+00:00","dateModified":"2021-09-06T01:53:04+00:00","breadcrumb":{"@id":"https:\/\/cidadedoscondominios.com.br\/expocenter\/aviso-de-cookies\/#breadcrumb"},"inLanguage":"pt-BR","potentialAction":[{"@type":"ReadAction","target":["https:\/\/cidadedoscondominios.com.br\/expocenter\/aviso-de-cookies\/"]}]},{"@type":"BreadcrumbList","@id":"https:\/\/cidadedoscondominios.com.br\/expocenter\/aviso-de-cookies\/#breadcrumb","itemListElement":[{"@type":"ListItem","position":1,"name":"In\u00edcio","item":"https:\/\/cidadedoscondominios.com.br\/expocenter\/"},{"@type":"ListItem","position":2,"name":"Aviso de Cookies"}]},{"@type":"WebSite","@id":"https:\/\/cidadedoscondominios.com.br\/expocenter\/#website","url":"https:\/\/cidadedoscondominios.com.br\/expocenter\/","name":"Cidade dos Condom\u00ednios","description":"ExpoCenter","potentialAction":[{"@type":"SearchAction","target":{"@type":"EntryPoint","urlTemplate":"https:\/\/cidadedoscondominios.com.br\/expocenter\/?s={search_term_string}"},"query-input":{"@type":"PropertyValueSpecification","valueRequired":true,"valueName":"search_term_string"}}],"inLanguage":"pt-BR"}]}},"_links":{"self":[{"href":"https:\/\/cidadedoscondominios.com.br\/expocenter\/wp-json\/wp\/v2\/pages\/3","targetHints":{"allow":["GET"]}}],"collection":[{"href":"https:\/\/cidadedoscondominios.com.br\/expocenter\/wp-json\/wp\/v2\/pages"}],"about":[{"href":"https:\/\/cidadedoscondominios.com.br\/expocenter\/wp-json\/wp\/v2\/types\/page"}],"author":[{"embeddable":true,"href":"https:\/\/cidadedoscondominios.com.br\/expocenter\/wp-json\/wp\/v2\/users\/1"}],"replies":[{"embeddable":true,"href":"https:\/\/cidadedoscondominios.com.br\/expocenter\/wp-json\/wp\/v2\/comments?post=3"}],"version-history":[{"count":6,"href":"https:\/\/cidadedoscondominios.com.br\/expocenter\/wp-json\/wp\/v2\/pages\/3\/revisions"}],"predecessor-version":[{"id":1004,"href":"https:\/\/cidadedoscondominios.com.br\/expocenter\/wp-json\/wp\/v2\/pages\/3\/revisions\/1004"}],"wp:attachment":[{"href":"https:\/\/cidadedoscondominios.com.br\/expocenter\/wp-json\/wp\/v2\/media?parent=3"}],"curies":[{"name":"wp","href":"https:\/\/api.w.org\/{rel}","templated":true}]}}