{"id":324,"date":"2021-03-24T12:43:19","date_gmt":"2021-03-24T15:43:19","guid":{"rendered":"https:\/\/cidadedoscondominios.com.br\/expocenter\/politica-de-privacidade-copy\/"},"modified":"2021-03-24T12:56:59","modified_gmt":"2021-03-24T15:56:59","slug":"politica-de-privacidade","status":"publish","type":"page","link":"https:\/\/cidadedoscondominios.com.br\/expocenter\/politica-de-privacidade\/","title":{"rendered":"Pol\u00edtica de Privacidade"},"content":{"rendered":"<h2><strong>1. OBJETIVO<\/strong><\/h2>\r\n<p>Apresentar para o ambiente interno, ambiente externo, mercado, clientes, fornecedores, parceiros, autoridades governamentais, entidades de defesa do consumidor, \u00f3rg\u00e3os do judici\u00e1rio, acionistas e o p\u00fablico em geral, os princ\u00edpios, as diretrizes, as regras e o comprometimento organizacional definidos pela CIDADE DOS CONDOM\u00cdNIOS para a Prote\u00e7\u00e3o de Dados e Informa\u00e7\u00f5es Pessoais, com o objetivo de atender a legisla\u00e7\u00e3o e regulamentos aplic\u00e1veis para preservar a Privacidade do Titular de Dados Pessoais.<\/p>\r\n<p>&nbsp;<\/p>\r\n<div class=\"page\" title=\"Page 3\">\r\n<div class=\"layoutArea\">\r\n<div class=\"column\">\r\n<h2><strong>2. COMPROMISSO<\/strong><\/h2>\r\n<p>A CIDADE DOS CONDOMI\u0301NIOS declara e assume o compromisso em:<\/p>\r\n<p>2.1. Zelar pela privacidade e protec\u0327a\u0303o quando do tratamento de dados pessoais dos clientes, dos colaboradores e dos parceiros, em func\u0327a\u0303o do desempenho das suas atividades;<\/p>\r\n<p>2.2. Adotar diretrizes que assegurem o cumprimento da legislac\u0327a\u0303o, dos normativos e das boas pra\u0301ticas para a preservac\u0327a\u0303o da privacidade do titular de dados pessoais, mediante a implementac\u0327a\u0303o de controles de seguranc\u0327a da informac\u0327a\u0303o e protec\u0327a\u0303o de dados pessoais.<\/p>\r\n<p>2.3. Promover a transpare\u0302ncia sobre a forma pela qual a CIDADE DOS CONDOMI\u0301NIOS trata os dados pessoais;<\/p>\r\n<p>2.4. Adotar medidas de minimizac\u0327a\u0303o de riscos para incidentes de seguranc\u0327a que envolva dados pessoais.<\/p>\r\n<p>&nbsp;<\/p>\r\n<\/div>\r\n<h2><strong>3. ABRANG\u00caNCIA<\/strong><\/h2>\r\n<div class=\"page\" title=\"Page 3\">\r\n<div class=\"layoutArea\">\r\n<div class=\"column\">\r\n<p>3.1. Dados e informac\u0327o\u0303es pessoais que esta\u0303o sob a responsabilidade da CIDADE DOS CONDOMI\u0301NIOS. 3.2. Esta\u0303o sob a responsabilidade da CIDADE DOS CONDOMI\u0301NIOS, os dados pessoais:<\/p>\r\n<p>a) Coletados pela CIDADE DOS CONDOMI\u0301NIOS ou coletados por prestadores de produtos ou servic\u0327os (Operadores) contratados pela CIDADE DOS CONDOMI\u0301NIOS;<\/p>\r\n<p>b) Tratados pela CIDADE DOS CONDOMI\u0301NIOS ou tratados por prestadores de produtos ou servic\u0327os (Operadores) contratados pela CIDADE DOS CONDOMI\u0301NIOS;<\/p>\r\n<p>3.3. Controles exigidos para a conformidade com a Lei Geral de Protec\u0327a\u0303o de Dados Pessoais (Lei 13.709\/2018), bem como toda a legislac\u0327a\u0303o nacional que considere a protec\u0327a\u0303o de dados pessoais, como, mas na\u0303o se limitando: Costituic\u0327a\u0303o Federal, Co\u0301digo de Defesa do Consumidor, Co\u0301digo Civil, Marco Ci\u0301vil da Internet e regulamentos setoriais.<\/p>\r\n<p>&nbsp;<\/p>\r\n<\/div>\r\n<h2><strong>4. DIRETRIZES<\/strong><\/h2>\r\n<div class=\"page\" title=\"Page 3\">\r\n<div class=\"layoutArea\">\r\n<div class=\"column\">\r\n<div class=\"page\" title=\"Page 4\">\r\n<div class=\"layoutArea\">\r\n<div class=\"column\">\r\n<p><strong>4.1 \u2013 Princi\u0301pios desta Poli\u0301tica<\/strong><\/p>\r\n<\/div>\r\n<\/div>\r\n<div class=\"layoutArea\">\r\n<div class=\"column\">\r\n<p>Todas as ac\u0327o\u0303es existentes ou ac\u0327o\u0303es futuras relacionadas ao Tratamento de Dados Pessoais e ao Titular de Dados Pessoais, obrigatoriamente devem seguir os seguintes princi\u0301pios:<\/p>\r\n<p>a. Finalidade. Realizac\u0327a\u0303o do tratamento para propo\u0301sitos legitimos, especi\u0301ficos e transparentes para o Titular. b. Necessidade. Limitac\u0327a\u0303o do tratamento ao mi\u0301nimo necessa\u0301rio de dados pessoais e exclusivamente para a realizac\u0327a\u0303o da sua finalidade.<\/p>\r\n<p>c. Direito dos Titulares. Os Titulares tem o direito de conhecimento (consulta) sobre os seus dados pessoais: dados existentes, correc\u0327a\u0303o de dados incorretos, objec\u0327a\u0303o de tratamento de algum dado pessoal especi\u0301fico, tipo de tratamento, durac\u0327a\u0303o do tratamento, compartilhamento com outras organizac\u0327o\u0303es, dados tratados em na\u0303o conformidade com a legislac\u0327a\u0303o e portabilidade de seus dados para outra organizac\u0327a\u0303o.<\/p>\r\n<p>d. Seguranc\u0327a da Informac\u0327a\u0303o. A CIDADE DOS CONDOMI\u0301NIOS possui um Programa Organizacional de Seguranc\u0327a da Informac\u0327a\u0303o que define, implementa e faz a gesta\u0303o de controles para a protec\u0327a\u0303o da informac\u0327a\u0303o e de dados pessoais.<\/p>\r\n<p>e. Na\u0303o discriminac\u0327a\u0303o. A CIDADE DOS CONDOMI\u0301NIOS na\u0303o realiza tratamento de dados pessoais para fins discriminato\u0301rios ili\u0301citos ou abusivos.<\/p>\r\n<p>f. Transpare\u0302ncia. A CIDADE DOS CONDOMI\u0301NIOS e\u0301 transparente nos procedimentos de tratamento de dados pessoais.<\/p>\r\n<p>g. Retenc\u0327a\u0303o de dados. Os dados pessoais sera\u0303o retidos exclusivamente pelo tempo necessa\u0301rio para que a CIDADE DOS CONDOMI\u0301NIOS atenda a\u0300s regulamentac\u0327o\u0303es legais e garanta a sua protec\u0327a\u0303o.<\/p>\r\n<p>&nbsp;<\/p>\r\n<p><strong>4.2. Respeito ao Titular de Dados Pessoais<\/strong><\/p>\r\n<p>A CIDADE DOS CONDOMI\u0301NIOS respeita a Pessoa Natural Titular de Dados Pessoais e se compromete a executar todos os controles necessa\u0301rios, considerando a razoabilidade da tecnologia existente, para Proteger os Dados Pessoais sob sua responsabilidade e possibilitar a Privacidade do Titular de Dados Pessoais.<\/p>\r\n<p>&nbsp;<\/p>\r\n<p><strong>4.3. Tratamento de Dados Pessoais<\/strong><\/p>\r\n<p>a. A CIDADE DOS CONDOMI\u0301NIOS trata os dados pessoais exclusivamente para a finalidade especifica do seu relacionamento profissional com o Titular e realiza a coleta mi\u0301nima de dados para o atendimento desta finalidade.<\/p>\r\n<p>b. A CIDADE DOS CONDOMI\u0301NIOS compartilha dados pessoais com outras organizac\u0327o\u0303es, administrac\u0327a\u0303o pu\u0301blica ou o\u0301rga\u0303os do judicia\u0301rios, exclusivamente para a gesta\u0303o operacional do realcionamento com o Titular de Dados Pessoais e repassa exclusivamente os dados mi\u0301nimos necessa\u0301rios para esta atividade.<\/p>\r\n<p>c. Todo o tratamento realizado em dado pessoal pode ser do conhecimento do Titular de Dados Pessoais, se o mesmo assim desejar conhecer. Respeitando o segredo e intelige\u0302ncia de nego\u0301cio da CIDADE DOS CONDOMI\u0301NIOS.<\/p>\r\n<p>d. Caso seja necessa\u0301rio transfere\u0302ncia de dados para outros pai\u0301ses para realizac\u0327a\u0303o de servic\u0327os ou outros tratamentos, sempre limitados a\u0300 finalidade existente, somente sera\u0301 realizada com pai\u0301ses que possuam legislac\u0327a\u0303o de protec\u0327a\u0303o de dados pessoais e com organizac\u0327o\u0303es que possuam gesta\u0303o para a protec\u0327a\u0303o de dados pessoais.<\/p>\r\n<p>e. Todo tratamento de dado pessoal realizado pela CIDADE DOS CONDOMI\u0301NIOS esta\u0301 amparado por pelo menos uma Base Legal para Tratamento de Dados Pessoais, definida na Lei Geral de Protec\u0327a\u0303o de Dados Pessoais.<\/p>\r\n<p>f. A CIDADE DOS CONDOMI\u0301NIOS possui definidas as responsabilidades dos seus profissionais colaboradores em relac\u0327a\u0303o ao tratamento de dados pessoais e realiza treinamento conti\u0301nuo sobre protec\u0327a\u0303o de dados pessoais.<\/p>\r\n<div class=\"page\" title=\"Page 5\">\r\n<div class=\"layoutArea\">\r\n<div class=\"column\">\r\n<p>g. A CIDADE DOS CONDOMI\u0301NIOS implementa novos procedimentos e melhorias tecnolo\u0301gicas conti\u0301nuas para proteger todos os dados pessoais tratados sob responsabilidade da CIDADE DOS CONDOMI\u0301NIOS<\/p>\r\n<p><strong>4.5. Utilizac\u0327a\u0303o de Cookies<\/strong><\/p>\r\n<p>A CIDADE DOS CONDOMI\u0301NIOS utiliza Cookies em seu si\u0301tio na Internet apenas para aprimorar a navegac\u0327a\u0303o, a seguranc\u0327a da informac\u0327a\u0303o e a experie\u0302ncia do usua\u0301rio. Os Cookies gerados sa\u0303o utilizados para coletar as informac\u0327o\u0303es de acesso dos internautas que por sua vez sa\u0303o compartilhados com o ferramentas de gesta\u0303o de estati\u0301sticas de navegac\u0327a\u0303o e protec\u0327a\u0303o de dados.<\/p>\r\n<p>A CIDADE DOS CONDOMI\u0301NIOS na\u0303o utiliza os Cookies para nenhum outro propo\u0301sito diferente das diretrizes desta poli\u0301tica e os mesmos ficam armazenados dentro do ambiente organizacional.<\/p>\r\n<p><strong>4.6. Comunicac\u0327a\u0303o do Titular de Dado Pessoal com a CIDADE DOS CONDOMI\u0301NIOS<\/strong><\/p>\r\n<p>O Titular de Dado Pessoal pode entrar em contato com a CIDADE DOS CONDOMI\u0301NIOS utilizando o contato disponibilizado no si\u0301tio da CIDADE DOS CONDOMI\u0301NIOS na Internet (<a href=\"http:\/\/www.cidadedoscondominios.com.br\" target=\"_blank\" rel=\"noopener\">www.cidadedoscondominios.com.br<\/a>), na pa\u0301gina de Contatos e Fale Conosco. Neste caso deve colocar no assunto: Dados Pessoais. Ou enviar email para <a href=\"mailto:encarregado@cidadedoscondominios.com.br\" target=\"_blank\" rel=\"noopener\">encarregado@cidadedoscondominios.com.br<\/a><\/p>\r\n<p>&nbsp;<\/p>\r\n<\/div>\r\n<div class=\"page\" title=\"Page 5\">\r\n<div class=\"layoutArea\">\r\n<div class=\"column\">\r\n<p>Este regulamento sera\u0301 revisado anualmente ou sempre que houver alguma alterac\u0327a\u0303o que afete o mesmo.<\/p>\r\n<p>Revis\u00e3o 1<br \/>Edison Fontes<br \/>30\/12\/2020<\/p>\r\n<\/div>\r\n<\/div>\r\n<\/div>\r\n<\/div>\r\n<\/div>\r\n<\/div>\r\n<\/div>\r\n<\/div>\r\n<\/div>\r\n<\/div>\r\n<\/div>\r\n<\/div>\r\n<\/div>\r\n<\/div>\r\n<\/div>","protected":false},"excerpt":{"rendered":"<p>1. OBJETIVO Apresentar para o ambiente interno, ambiente externo, mercado, clientes, fornecedores, parceiros, autoridades governamentais, entidades de defesa do consumidor, \u00f3rg\u00e3os do judici\u00e1rio, acionistas e o p\u00fablico em geral, os princ\u00edpios, as diretrizes, as regras e o comprometimento organizacional definidos pela CIDADE DOS CONDOM\u00cdNIOS para a Prote\u00e7\u00e3o de Dados e Informa\u00e7\u00f5es Pessoais, com o objetivo [&hellip;]<\/p>\n","protected":false},"author":1,"featured_media":0,"parent":0,"menu_order":0,"comment_status":"closed","ping_status":"open","template":"","meta":{"footnotes":""},"class_list":["post-324","page","type-page","status-publish","hentry"],"yoast_head":"<!-- This site is optimized with the Yoast SEO plugin v26.9 - https:\/\/yoast.com\/product\/yoast-seo-wordpress\/ -->\n<title>Pol\u00edtica de Privacidade - Cidade dos Condom\u00ednios<\/title>\n<meta name=\"robots\" content=\"index, follow, max-snippet:-1, max-image-preview:large, max-video-preview:-1\" \/>\n<link rel=\"canonical\" href=\"https:\/\/cidadedoscondominios.com.br\/expocenter\/politica-de-privacidade\/\" \/>\n<meta property=\"og:locale\" content=\"pt_BR\" \/>\n<meta property=\"og:type\" content=\"article\" \/>\n<meta property=\"og:title\" content=\"Pol\u00edtica de Privacidade - Cidade dos Condom\u00ednios\" \/>\n<meta property=\"og:description\" content=\"1. OBJETIVO Apresentar para o ambiente interno, ambiente externo, mercado, clientes, fornecedores, parceiros, autoridades governamentais, entidades de defesa do consumidor, \u00f3rg\u00e3os do judici\u00e1rio, acionistas e o p\u00fablico em geral, os princ\u00edpios, as diretrizes, as regras e o comprometimento organizacional definidos pela CIDADE DOS CONDOM\u00cdNIOS para a Prote\u00e7\u00e3o de Dados e Informa\u00e7\u00f5es Pessoais, com o objetivo [&hellip;]\" \/>\n<meta property=\"og:url\" content=\"https:\/\/cidadedoscondominios.com.br\/expocenter\/politica-de-privacidade\/\" \/>\n<meta property=\"og:site_name\" content=\"Cidade dos Condom\u00ednios\" \/>\n<meta property=\"article:modified_time\" content=\"2021-03-24T15:56:59+00:00\" \/>\n<meta name=\"twitter:card\" content=\"summary_large_image\" \/>\n<meta name=\"twitter:label1\" content=\"Est. tempo de leitura\" \/>\n\t<meta name=\"twitter:data1\" content=\"6 minutos\" \/>\n<script type=\"application\/ld+json\" class=\"yoast-schema-graph\">{\"@context\":\"https:\/\/schema.org\",\"@graph\":[{\"@type\":\"WebPage\",\"@id\":\"https:\/\/cidadedoscondominios.com.br\/expocenter\/politica-de-privacidade\/\",\"url\":\"https:\/\/cidadedoscondominios.com.br\/expocenter\/politica-de-privacidade\/\",\"name\":\"Pol\u00edtica de Privacidade - Cidade dos Condom\u00ednios\",\"isPartOf\":{\"@id\":\"https:\/\/cidadedoscondominios.com.br\/expocenter\/#website\"},\"datePublished\":\"2021-03-24T15:43:19+00:00\",\"dateModified\":\"2021-03-24T15:56:59+00:00\",\"breadcrumb\":{\"@id\":\"https:\/\/cidadedoscondominios.com.br\/expocenter\/politica-de-privacidade\/#breadcrumb\"},\"inLanguage\":\"pt-BR\",\"potentialAction\":[{\"@type\":\"ReadAction\",\"target\":[\"https:\/\/cidadedoscondominios.com.br\/expocenter\/politica-de-privacidade\/\"]}]},{\"@type\":\"BreadcrumbList\",\"@id\":\"https:\/\/cidadedoscondominios.com.br\/expocenter\/politica-de-privacidade\/#breadcrumb\",\"itemListElement\":[{\"@type\":\"ListItem\",\"position\":1,\"name\":\"In\u00edcio\",\"item\":\"https:\/\/cidadedoscondominios.com.br\/expocenter\/\"},{\"@type\":\"ListItem\",\"position\":2,\"name\":\"Pol\u00edtica de Privacidade\"}]},{\"@type\":\"WebSite\",\"@id\":\"https:\/\/cidadedoscondominios.com.br\/expocenter\/#website\",\"url\":\"https:\/\/cidadedoscondominios.com.br\/expocenter\/\",\"name\":\"Cidade dos Condom\u00ednios\",\"description\":\"ExpoCenter\",\"potentialAction\":[{\"@type\":\"SearchAction\",\"target\":{\"@type\":\"EntryPoint\",\"urlTemplate\":\"https:\/\/cidadedoscondominios.com.br\/expocenter\/?s={search_term_string}\"},\"query-input\":{\"@type\":\"PropertyValueSpecification\",\"valueRequired\":true,\"valueName\":\"search_term_string\"}}],\"inLanguage\":\"pt-BR\"}]}<\/script>\n<!-- \/ Yoast SEO plugin. -->","yoast_head_json":{"title":"Pol\u00edtica de Privacidade - Cidade dos Condom\u00ednios","robots":{"index":"index","follow":"follow","max-snippet":"max-snippet:-1","max-image-preview":"max-image-preview:large","max-video-preview":"max-video-preview:-1"},"canonical":"https:\/\/cidadedoscondominios.com.br\/expocenter\/politica-de-privacidade\/","og_locale":"pt_BR","og_type":"article","og_title":"Pol\u00edtica de Privacidade - Cidade dos Condom\u00ednios","og_description":"1. OBJETIVO Apresentar para o ambiente interno, ambiente externo, mercado, clientes, fornecedores, parceiros, autoridades governamentais, entidades de defesa do consumidor, \u00f3rg\u00e3os do judici\u00e1rio, acionistas e o p\u00fablico em geral, os princ\u00edpios, as diretrizes, as regras e o comprometimento organizacional definidos pela CIDADE DOS CONDOM\u00cdNIOS para a Prote\u00e7\u00e3o de Dados e Informa\u00e7\u00f5es Pessoais, com o objetivo [&hellip;]","og_url":"https:\/\/cidadedoscondominios.com.br\/expocenter\/politica-de-privacidade\/","og_site_name":"Cidade dos Condom\u00ednios","article_modified_time":"2021-03-24T15:56:59+00:00","twitter_card":"summary_large_image","twitter_misc":{"Est. tempo de leitura":"6 minutos"},"schema":{"@context":"https:\/\/schema.org","@graph":[{"@type":"WebPage","@id":"https:\/\/cidadedoscondominios.com.br\/expocenter\/politica-de-privacidade\/","url":"https:\/\/cidadedoscondominios.com.br\/expocenter\/politica-de-privacidade\/","name":"Pol\u00edtica de Privacidade - Cidade dos Condom\u00ednios","isPartOf":{"@id":"https:\/\/cidadedoscondominios.com.br\/expocenter\/#website"},"datePublished":"2021-03-24T15:43:19+00:00","dateModified":"2021-03-24T15:56:59+00:00","breadcrumb":{"@id":"https:\/\/cidadedoscondominios.com.br\/expocenter\/politica-de-privacidade\/#breadcrumb"},"inLanguage":"pt-BR","potentialAction":[{"@type":"ReadAction","target":["https:\/\/cidadedoscondominios.com.br\/expocenter\/politica-de-privacidade\/"]}]},{"@type":"BreadcrumbList","@id":"https:\/\/cidadedoscondominios.com.br\/expocenter\/politica-de-privacidade\/#breadcrumb","itemListElement":[{"@type":"ListItem","position":1,"name":"In\u00edcio","item":"https:\/\/cidadedoscondominios.com.br\/expocenter\/"},{"@type":"ListItem","position":2,"name":"Pol\u00edtica de Privacidade"}]},{"@type":"WebSite","@id":"https:\/\/cidadedoscondominios.com.br\/expocenter\/#website","url":"https:\/\/cidadedoscondominios.com.br\/expocenter\/","name":"Cidade dos Condom\u00ednios","description":"ExpoCenter","potentialAction":[{"@type":"SearchAction","target":{"@type":"EntryPoint","urlTemplate":"https:\/\/cidadedoscondominios.com.br\/expocenter\/?s={search_term_string}"},"query-input":{"@type":"PropertyValueSpecification","valueRequired":true,"valueName":"search_term_string"}}],"inLanguage":"pt-BR"}]}},"_links":{"self":[{"href":"https:\/\/cidadedoscondominios.com.br\/expocenter\/wp-json\/wp\/v2\/pages\/324","targetHints":{"allow":["GET"]}}],"collection":[{"href":"https:\/\/cidadedoscondominios.com.br\/expocenter\/wp-json\/wp\/v2\/pages"}],"about":[{"href":"https:\/\/cidadedoscondominios.com.br\/expocenter\/wp-json\/wp\/v2\/types\/page"}],"author":[{"embeddable":true,"href":"https:\/\/cidadedoscondominios.com.br\/expocenter\/wp-json\/wp\/v2\/users\/1"}],"replies":[{"embeddable":true,"href":"https:\/\/cidadedoscondominios.com.br\/expocenter\/wp-json\/wp\/v2\/comments?post=324"}],"version-history":[{"count":3,"href":"https:\/\/cidadedoscondominios.com.br\/expocenter\/wp-json\/wp\/v2\/pages\/324\/revisions"}],"predecessor-version":[{"id":328,"href":"https:\/\/cidadedoscondominios.com.br\/expocenter\/wp-json\/wp\/v2\/pages\/324\/revisions\/328"}],"wp:attachment":[{"href":"https:\/\/cidadedoscondominios.com.br\/expocenter\/wp-json\/wp\/v2\/media?parent=324"}],"curies":[{"name":"wp","href":"https:\/\/api.w.org\/{rel}","templated":true}]}}