{"id":331,"date":"2021-03-24T12:59:14","date_gmt":"2021-03-24T15:59:14","guid":{"rendered":"https:\/\/cidadedoscondominios.com.br\/expocenter\/politica-de-privacidade-copy\/"},"modified":"2021-03-24T13:33:33","modified_gmt":"2021-03-24T16:33:33","slug":"termos-de-uso","status":"publish","type":"page","link":"https:\/\/cidadedoscondominios.com.br\/expocenter\/termos-de-uso\/","title":{"rendered":"Termos de Uso"},"content":{"rendered":"<h2><strong>1. OBJETIVO DO SITIO CIDADE DOS CONDOM\u00cdNIOS<\/strong><\/h2>\r\n<p>1.1. Este s\u00edtio foi desenvolvido com o intuito de representar uma cidade virtual com espa\u00e7os para diferentes \u00e1reas de interesse e neg\u00f3cios, exposi\u00e7\u00f5es permanentes e eventos, distribu\u00eddas em locais virtuais denominados Condom\u00ednios, como Condom\u00ednio de Exposi\u00e7\u00f5es, Condom\u00ednio do Livro, Condom\u00ednio da Sa\u00fade, Condom\u00ednio da Cultura e outros. Caracteriza-se pela venda \u00e0 dist\u00e2ncia e por meio eletr\u00f4nico de espa\u00e7os virtuais identificados pelo logotipo da empresa contratante, para publica\u00e7\u00e3o de conte\u00fado de seu interesse por meio de links de v\u00eddeos, textos, arquivos de imagem, \u00e1udio, reuni\u00f5es virtuais, intera\u00e7\u00e3o com clientes e outras funcionalidades, por meio de links de internet.<\/p>\r\n<p>1.2. Estes Termos de Uso s\u00e3o aplic\u00e1veis a qualquer usu\u00e1rio que acesse o s\u00edtio da CIDADE DOS CONDOM\u00cdNIOS.<\/p>\r\n<p>&nbsp;<\/p>\r\n<div class=\"page\" title=\"Page 3\">\r\n<div class=\"layoutArea\">\r\n<div class=\"column\">\r\n<h2><strong>2. CONTE\u00daDOS ACESS\u00cdVEIS<\/strong><\/h2>\r\n<div class=\"page\" title=\"Page 3\">\r\n<div class=\"section\">\r\n<div class=\"layoutArea\">\r\n<div class=\"column\">\r\n<p>Os usua\u0301rios do si\u0301tio da CIDADE DOS CONDOMI\u0301NIOS devem dispor de seus pro\u0301prios recursos para acessar a internet e este si\u0301tio, cuja visitac\u0327a\u0303o se limita aos conteu\u0301dos expressamente oferecidos, sujeitando-se a\u0300 aplicac\u0327a\u0303o da legislac\u0327a\u0303o brasileira vigente e obrigando-se a reparar os danos que decorrerem da utilizac\u0327a\u0303o indevida, sendo expressamente vedado:<\/p>\r\n<p>a) O acesso a\u0300s eventuais a\u0301reas de programac\u0327a\u0303o do si\u0301tio, seu banco de dados ou qualquer outro conjunto de informac\u0327o\u0303es que fac\u0327am parte das atividades de gesta\u0303o da plataforma;<\/p>\r\n<p>b) Realizar engenharia reversa, traduzir ou decompilar os co\u0301digos fontes utilizados que na\u0303o forem abertos, com a finalidade de copiar, modificar, reproduzir, alugar, sublicenciar, publicar, divulgar, transmitir, emprestar, distribuir ou, de outra maneira, dispor das ferramentas de consulta deste si\u0301tio e de suas funcionalidades;<\/p>\r\n<p>c) Utilizar aplicativos tipo espia\u0303o, ou de minerac\u0327a\u0303o de dados, de qualquer tipo ou espe\u0301cie, ale\u0301m de outro aqui na\u0303o tipificado, mas que atue de modo automatizado, tanto para realizar operac\u0327o\u0303es massificadas ou para quaisquer outras finalidades<\/p>\r\n<\/div>\r\n<\/div>\r\n<\/div>\r\n<\/div>\r\n<p>&nbsp;<\/p>\r\n<\/div>\r\n<h2><strong>3. INFORMA\u00c7\u00d5ES GERAIS SOBRE O SITIO E SEU FUNCIONAMENTO<\/strong><\/h2>\r\n<div class=\"page\" title=\"Page 3\">\r\n<div class=\"layoutArea\">\r\n<div class=\"column\">\r\n<div class=\"page\" title=\"Page 3\">\r\n<div class=\"section\">\r\n<div class=\"layoutArea\">\r\n<div class=\"column\">\r\n<p>3.1. A CIDADE DOS CONDOMI\u0301NIOS se esforc\u0327a para manter a disponibilidade conti\u0301nua e permanente deste si\u0301tio ao pu\u0301blico assim como esta\u0301 disponi\u0301vel, contudo:<\/p>\r\n<p>a) Reserva-se o direito de promover aprimoramentos e atualizac\u0327o\u0303es que podem alterar a estrutura ou o layout do si\u0301tio, conforme sua convenie\u0302ncia;<\/p>\r\n<p>b) Esta\u0301 isenta de responsabilidade no caso deste si\u0301tio permanecer fora do ar, ou na ocorre\u0302ncia de dano, prejui\u0301zo ou perda no equipamento dos usua\u0301rios causados por falhas no sistema, no servidor ou na conexa\u0303o a\u0300 Internet, inclusive por ac\u0327o\u0303es de softwares ou co\u0301digos maliciosos tais como vi\u0301rus, cavalos de tro\u0301ia, e outros que possam, de algum modo, danificar o equipamento ou a conexa\u0303o dos usua\u0301rios em decorre\u0302ncia do acesso, utilizac\u0327a\u0303o ou navegac\u0327a\u0303o neste si\u0301tio, bem como a transfere\u0302ncia de dados, arquivos, imagens, textos, a\u0301udios ou vi\u0301deos contidos no mesmo.<\/p>\r\n<p>3.2. A CIDADE DOS CONDOMI\u0301NIOS na\u0303o se responsabiliza pelos atos praticados pelos usua\u0301rios em seu si\u0301tio, sendo imputado a cada um a responsabilidade de acordo com o uso da plataforma.\u00a0<\/p>\r\n<\/div>\r\n<\/div>\r\n<\/div>\r\n<\/div>\r\n<p>&nbsp;<\/p>\r\n<\/div>\r\n<h2><strong>4. LINKS EXTERNOS<\/strong><\/h2>\r\n<div class=\"page\" title=\"Page 3\">\r\n<div class=\"layoutArea\">\r\n<div class=\"column\">\r\n<div class=\"page\" title=\"Page 4\">\r\n<div class=\"layoutArea\">\r\n<div class=\"column\">\r\n<div class=\"page\" title=\"Page 4\">\r\n<div class=\"section\">\r\n<div class=\"layoutArea\">\r\n<div class=\"column\">\r\n<p>4.1. O si\u0301tio pode indicar links externos para acesso do usua\u0301rio, mas, na\u0303o realiza qualquer verificac\u0327a\u0303o, controle, aprovac\u0327a\u0303o ou garantia de adequac\u0327a\u0303o ou exatida\u0303o das informac\u0327o\u0303es e dados disponi\u0301veis nestes links. Por isso, a CIDADE DOS CONDOMI\u0301NIOS na\u0303o se responsabiliza:<\/p>\r\n<p>a) Por quaisquer danos decorrentes do acesso dos usua\u0301rios a estes links externos;<\/p>\r\n<p>b) Por prejui\u0301zos, perdas ou danos ocorridos por atrasos, defeitos, erros ou omisso\u0303es que possam existir nos sistemas ou servic\u0327os disponibilizados ou pela visita a tais si\u0301tios ou pelas funcionalidades la\u0301 oferecidas.<\/p>\r\n<p>4.2. E\u0301 dever dos usua\u0301rios efetuar a leitura dos Termos de Uso, da Poli\u0301tica de Privacidade e demais documentos legais dos si\u0301tios acessados por meio dos links externos eventualmente contidos no si\u0301tio da CIDADE DOS CONDOMI\u0301NIOS, tal qual agir conforme o determinado naqueles textos.<\/p>\r\n<p>&nbsp;<\/p>\r\n<h2><strong>5. COMUNICA\u00c7\u00c3O COM OS USU\u00c1RIOS<\/strong><\/h2>\r\n<div class=\"page\" title=\"Page 3\">\r\n<div class=\"layoutArea\">\r\n<div class=\"column\">\r\n<div class=\"page\" title=\"Page 4\">\r\n<div class=\"layoutArea\">\r\n<div class=\"column\">\r\n<div class=\"page\" title=\"Page 4\">\r\n<div class=\"section\">\r\n<div class=\"layoutArea\">\r\n<div class=\"column\">\r\n<div class=\"page\" title=\"Page 4\">\r\n<div class=\"section\">\r\n<div class=\"layoutArea\">\r\n<div class=\"column\">\r\n<p>5.1. A CIDADE DOS CONDOMI\u0301NIOS podera\u0301 entrar em contato ou submeter conteu\u0301dos aos usua\u0301rios do si\u0301tio que desejarem receber informac\u0327o\u0303es ligadas aos seus servic\u0327os ou a\u0300 sua missa\u0303o. Para tanto, e\u0301 indispensa\u0301vel que os usua\u0301rios fornec\u0327am dados corretos e precisos, ale\u0301m de os manterem atualizados. E\u0301 de inteira responsabilidade do usua\u0301rio o preenchimento de seus dados pessoais e o fornecimento de suas informac\u0327o\u0303es no si\u0301tio. Ao fornecer seus dados pessoais no si\u0301tio, o usua\u0301rio da\u0301 seu consentimento expresso para a CIDADE DOS CONDOMI\u0301NIOS tratar tais informac\u0327o\u0303es.<\/p>\r\n<p>5.2. E\u0301 de responsabilidade exclusiva dos usua\u0301rios o ajuste de seus sistemas de anti-spam, de modo que na\u0303o interfiram no recebimento dos comunicados e conteu\u0301dos da CIDADE DOS CONDOMI\u0301NIOS, na\u0303o sendo aceita\u0301vel nenhuma escusa caso na\u0303o tenha tido acesso a algum e-mail em virtude desse bloqueio ou filtro similar.<\/p>\r\n<p>5.3. Qualquer contato com a CIDADE DOS CONDOMI\u0301NIOS devera\u0301 ser efetuado prioritariamente atrave\u0301s do e-mail <a href=\"mailto:contato@cidadedoscondominios.com.br\" target=\"_blank\" rel=\"noopener\">contato@cidadedoscondominios.com.br<\/a><\/p>\r\n<p>5.4. As comunicac\u0327o\u0303es efetuadas com a CIDADE DOS CONDOMI\u0301NIOS sera\u0303o respondidas em hora\u0301rio comercial (dias u\u0301teis, das 08:00 a\u0300s 18:00h).<\/p>\r\n<p>&nbsp;<\/p>\r\n<\/div>\r\n<h2><strong>6. PRIVACIDADE DOS USU\u00c1RIOS<\/strong><\/h2>\r\n<div class=\"page\" title=\"Page 4\">\r\n<div class=\"section\">\r\n<div class=\"layoutArea\">\r\n<div class=\"column\">\r\n<p>6.1. A CIDADE DOS CONDOMI\u0301NIOS possui uma Poli\u0301tica de Privacidade do Titular de Dados Pessoais que regula o tratamento dado a\u0300s informac\u0327o\u0303es de cadastro e demais informac\u0327o\u0303es e dados coletados. E\u0301 dever dos usua\u0301rios do site conhecer este documento.<\/p>\r\n<p>6.2. Ao acessar este site, os usua\u0301rios declaram concorda\u0302ncia expressa e inequi\u0301voca a estes Termos de Uso e a\u0300 Poli\u0301tica de Privacidade do Titular de Dados Pessoais que integra este documento e pode ser acessada no link especi\u0301fico indicado no rodape\u0301 do site.<\/p>\r\n<p>6.3. O site armazena cookies especi\u0301ficos a fim de aprimorar a experie\u0302ncia de navegac\u0327a\u0303o do usua\u0301rio. Este uso e\u0301 comunicado ao usua\u0301rio assim que ele acessa o si\u0301tio da Cidade dos Condomi\u0301nios na Internet. A Poli\u0301tica de Privacidade do Titular de Dados Pessoais tambe\u0301m faz refere\u0302ncia ao uso de cookies.<\/p>\r\n<div class=\"page\" title=\"Page 5\">\r\n<div class=\"section\">\r\n<div class=\"layoutArea\">\r\n<div class=\"column\">\r\n<p>6.4. Caso alguma disposic\u0327a\u0303o da Poli\u0301tica de Privacidade conflitar com qualquer outra do presente documento, devera\u0301 prevalecer o descrito na norma mais especi\u0301fica.<\/p>\r\n<p>6.5. Caso o usua\u0301rio tenha qualquer du\u0301vida, reclamac\u0327a\u0303o, questionamento, esclarecimento ou solicitac\u0327a\u0303o a fazer em relac\u0327a\u0303o ao tratamento de seus dados pessoais pela CIDADE DOS CONDOMI\u0301NIOS, devera\u0301 entrar em contato com o Encarregado, em conformidade com a LGPD &#8211; Lei Geral de Tratamento de Dados Pessoais (Lei no 13.709\/2018), atrave\u0301s do e-mail <a href=\"mailto:encarregado@cidadedoscondominios.com.br\" target=\"_blank\" rel=\"noopener\">encarregado@cidadedoscondominios.com.br<\/a><\/p>\r\n<\/div>\r\n<\/div>\r\n<\/div>\r\n<\/div>\r\n<\/div>\r\n<\/div>\r\n<\/div>\r\n<\/div>\r\n<\/div>\r\n<\/div>\r\n<\/div>\r\n<\/div>\r\n<\/div>\r\n<\/div>\r\n<\/div>\r\n<\/div>\r\n<\/div>\r\n<\/div>\r\n<\/div>\r\n<\/div>\r\n<\/div>\r\n<\/div>\r\n<\/div>\r\n<\/div>\r\n<\/div>\r\n<\/div>\r\n<\/div>\r\n<div class=\"layoutArea\">\r\n<div class=\"column\">\r\n<div class=\"page\" title=\"Page 5\">\r\n<div class=\"layoutArea\">\r\n<h2>\u00a0<\/h2>\r\n<h2><strong>7. DIREITOS AUTORAIS E PROPRIEDADE INTELECTUAL<br \/><\/strong><\/h2>\r\n<div class=\"page\" title=\"Page 5\">\r\n<div class=\"section\">\r\n<div class=\"layoutArea\">\r\n<div class=\"column\">\r\n<p>7.1. Ao acessar este site, os usua\u0301rios se comprometem a respeitar todos os direitos de propriedade intelectual e os direitos decorrentes da protec\u0327a\u0303o de marcas, patentes e\/ou desenhos industriais, depositados ou registrados em nome de CIDADE DOS CONDOMI\u0301NIOS, bem como todos os direitos referentes a terceiros que porventura estejam, ou estiveram, de alguma forma, disponi\u0301veis neste site.<\/p>\r\n<p>7.2. Os conteu\u0301dos disponibilizados pela CIDADE DOS CONDOMI\u0301NIOS que possuem a finalidade de otimizar o relacionamento com seus clientes e apresentar conteu\u0301dos especi\u0301ficos a quem se interessar, tais como, mas na\u0303o se limitando a artigos, vi\u0301deos, manuais, e-books, textos, podcasts, a\u0301udios, textos, frases, obras arti\u0301sticas ou li\u0301tero-musicais, mate\u0301rias veiculadas na imprensa, imagens e arquivos de som sa\u0303o resguardados pelos direitos de propriedade intelectual e sob nenhuma circunsta\u0302ncia os usua\u0301rios adquirem quaisquer direitos sobre estes, sendo permitido, somente, fazer arquivo pessoal do conteu\u0301do disponibilizado, salvo se expressamente autorizada sua utilizac\u0327a\u0303o para fins especi\u0301ficos a serem conferidos pelos detentores dos direitos de propriedade intelectual e imagem respectivos.<\/p>\r\n<p>7.3. Qualquer reutilizac\u0327a\u0303o do material autorizado devera\u0301 ser objeto de uma nova autorizac\u0327a\u0303o de CIDADE DOS CONDOMI\u0301NIOS.<\/p>\r\n<p>7.4. A autorizac\u0327a\u0303o para utilizac\u0327a\u0303o do material solicitado na\u0303o podera\u0301 ser transferida a terceiros, mesmo que vinculados ao sujeito autorizado por alguma raza\u0303o.<\/p>\r\n<p>7.5. Quaisquer usos na\u0303o contemplados na mencionada autorizac\u0327a\u0303o podera\u0303o ser considerados como atos ili\u0301citos e sujeitos a\u0300s penas previstas na legislac\u0327a\u0303o em vigor e de condenac\u0327a\u0303o a\u0300 indenizac\u0327a\u0303o ou ressarcimento de quem sofrer prejui\u0301zos.<\/p>\r\n<p>7.6. E\u0301 autorizada a reproduc\u0327a\u0303o, distribuic\u0327a\u0303o, impressa\u0303o de co\u0301pias para distribuic\u0327a\u0303o e divulgac\u0327a\u0303o, total ou parcial, dos textos, artigos, vi\u0301deos, imagens, e-books, a\u0301udios, podcasts, cartilhas e outros materiais que compo\u0303em o presente site, desde que o conteu\u0301do na\u0303o seja alterado, particionado ou de qualquer forma manipulado de modo que impossibilite o fiel e real entendimento de seu conteu\u0301do e objetivo, salvo disposic\u0327a\u0303o especi\u0301fica para cada conteu\u0301do em pa\u0301gina pro\u0301pria, e desde que seja mencionada a fonte \u201cCIDADE DOS CONDOMI\u0301NIOS\u201d \u2013 <a href=\"http:\/\/www.cidadedoscondominios.com.br\" target=\"_blank\" rel=\"noopener\">www.cidadedoscondominios.com.br<\/a><\/p>\r\n<p>7.7. Os usua\u0301rios assumem toda e qualquer responsabilidade, de cara\u0301ter civil e\/ou criminal pela utilizac\u0327a\u0303o indevida de dados e conteu\u0301do publicados pelo site, a exemplo, mas na\u0303o se restringindo a\u0300s informac\u0327o\u0303es, textos, gra\u0301ficos, marcas, obras e imagens.<\/p>\r\n<p>7.8. O uso comercial da expressa\u0303o \u201cCIDADE DOS CONDOMI\u0301NIOS\u201d, tais como marcas, nomes empresariais ou nomes de domi\u0301nio, ale\u0301m dos conteu\u0301dos das telas do site, assim como os programas, bancos de dados, redes e seus arquivos sa\u0303o de propriedade de CIDADE DOS CONDOMI\u0301NIOS e esta\u0303o protegidos pelas leis e tratados internacionais de direito autoral, marcas, patentes, modelos e desenhos industriais.<\/p>\r\n<p>7.9. A eventual retirada de qualquer conteu\u0301do ou funcionalidade deste site em decorre\u0302ncia de alguma reclamac\u0327a\u0303o, devera\u0301 ser sempre compreendida como uma demonstrac\u0327a\u0303o de nossa intenc\u0327a\u0303o de evitar dissabores e, jamais, como reconhecimento de culpa ou de qualquer infrac\u0327a\u0303o pela CIDADE DOS CONDOMI\u0301NIOS a direito de terceiro.<\/p>\r\n<div class=\"page\" title=\"Page 6\">\r\n<div class=\"section\">\r\n<div class=\"layoutArea\">\r\n<div class=\"column\">\r\n<p>7.10. Caso o usua\u0301rio envie conteu\u0301dos ou ideias para CIDADE DOS CONDOMI\u0301NIOS por meio deste site ou pelos canais divulgados no mesmo, que diga respeito a ideias para novos produtos ou servic\u0327os, melhorias daqueles ja\u0301 existentes, campanhas de divulgac\u0327a\u0303o ou qualquer outra ac\u0327a\u0303o de marketing, elas deixara\u0303o de pertencer ao patrimo\u0302nio imaterial do usua\u0301rio, ingressando no da CIDADE DOS CONDOMI\u0301NIOS, nada podendo ser reclamado neste sentido, sobretudo recompensa pecunia\u0301ria pelo que foi enviado ou revisa\u0303o nos modelos usados.<\/p>\r\n<p>&nbsp;<\/p>\r\n<\/div>\r\n<h2><strong>8. ATENDIMENTO E SUPORTE<\/strong><\/h2>\r\n<div class=\"page\" title=\"Page 6\">\r\n<div class=\"section\">\r\n<div class=\"layoutArea\">\r\n<div class=\"column\">\r\n<p>Caso haja alguma du\u0301vida sobre as condic\u0327o\u0303es estabelecidas nestes Termos ou em qualquer conteu\u0301do deste site, o usua\u0301rio devera\u0301 enviar e-mail para <a href=\"mailto:contato@cidadedoscondominios.com.br\" target=\"_blank\" rel=\"noopener\">contato@cidadedoscondominios.com.br<\/a><\/p>\r\n<p>&nbsp;<\/p>\r\n<\/div>\r\n<\/div>\r\n<h2><strong>9. MODIFICA\u00c7\u00d5ES DESTES TERMOS E CONDI\u00c7\u00d5ES<\/strong><\/h2>\r\n<div class=\"page\" title=\"Page 6\">\r\n<div class=\"section\">\r\n<div class=\"layoutArea\">\r\n<div class=\"column\">\r\n<p>9.1. Estes Termos esta\u0303o sujeitos a constante melhoria e aprimoramento. Assim, a CIDADE DOS CONDOMI\u0301NIOS se reserva o direito de modificar a qualquer momento, de forma unilateral, o presente documento e sua Poli\u0301tica de Privacidade do Titular de Dados Pessoais.<\/p>\r\n<p>9.2. Ao navegar neste site, voce\u0302 concorda expressamente em guiar-se por estes Termos de Uso e pela Poli\u0301tica de Privacidade do Titular de Dados Pessoais, aceitando plenamente ambos os documentos, que se encontram vigentes na data e, portanto, deve verificar os mesmos cada vez que visitar este site.<\/p>\r\n<p>&nbsp;<\/p>\r\n<\/div>\r\n<\/div>\r\n<h2><strong>10. DISPOSI\u00c7\u00d5ES GERAIS<\/strong><\/h2>\r\n<\/div>\r\n<div class=\"page\" title=\"Page 6\">\r\n<div class=\"section\">\r\n<div class=\"layoutArea\">\r\n<div class=\"column\">\r\n<p>10.1. A tolera\u0302ncia do eventual descumprimento de quaisquer das cla\u0301usulas e condic\u0327o\u0303es do presente instrumento na\u0303o constituira\u0301 novac\u0327a\u0303o das obrigac\u0327o\u0303es aqui estipuladas e tampouco impedira\u0301 ou inibira\u0301 a exigibilidade das mesmas a qualquer tempo.<\/p>\r\n<p>10.2. Este si\u0301tio tem como base o hora\u0301rio oficial de Brasi\u0301lia\/DF, Brasil.<\/p>\r\n<p>10.3. Caso alguma disposic\u0327a\u0303o destes Termos de Uso seja considerada ilegi\u0301tima por autoridade da localidade que o usua\u0301rio acessa o site, ou mante\u0301m vi\u0301nculo, as demais condic\u0327o\u0303es permanecera\u0303o em pleno vigor e efeito ate\u0301 segunda ordem.<\/p>\r\n<p>&nbsp;<\/p>\r\n<\/div>\r\n<h2><strong>11. LEGISLA\u00c7\u00c3O APLIC\u00c1VEL E JURISDI\u00c7\u00c3O<\/strong><\/h2>\r\n<div class=\"page\" title=\"Page 6\">\r\n<div class=\"section\">\r\n<div class=\"layoutArea\">\r\n<div class=\"column\">\r\n<p>Os Termos e Condic\u0327o\u0303es de Uso aqui descritos sa\u0303o interpretados segundo a legislac\u0327a\u0303o brasileira, no idioma portugue\u0302s, sendo eleito o Foro da Comarca de Sa\u0303o Paulo\/SP, com expressa renu\u0301ncia de qualquer outro, por mais privilegiado que seja, para dirimir qualquer du\u0301vida, pende\u0302ncia ou liti\u0301gio oriundo deste documento.<\/p>\r\n<\/div>\r\n<\/div>\r\n<\/div>\r\n<\/div>\r\n<\/div>\r\n<\/div>\r\n<\/div>\r\n<\/div>\r\n<\/div>\r\n<\/div>\r\n<\/div>\r\n<\/div>\r\n<\/div>\r\n<\/div>\r\n<\/div>\r\n<\/div>\r\n<\/div>\r\n<div class=\"page\" title=\"Page 5\">\r\n<div class=\"layoutArea\">\r\n<div class=\"column\">\r\n<p>Revis\u00e3o 1<br \/>Edison Fontes<br \/>30\/12\/2020<\/p>\r\n<\/div>\r\n<\/div>\r\n<\/div>\r\n<\/div>\r\n<\/div>\r\n<\/div>\r\n<\/div>\r\n<\/div>\r\n<\/div>\r\n<\/div>\r\n<\/div>\r\n<\/div>\r\n<\/div>\r\n<\/div>\r\n<\/div>","protected":false},"excerpt":{"rendered":"<p>1. OBJETIVO DO SITIO CIDADE DOS CONDOM\u00cdNIOS 1.1. Este s\u00edtio foi desenvolvido com o intuito de representar uma cidade virtual com espa\u00e7os para diferentes \u00e1reas de interesse e neg\u00f3cios, exposi\u00e7\u00f5es permanentes e eventos, distribu\u00eddas em locais virtuais denominados Condom\u00ednios, como Condom\u00ednio de Exposi\u00e7\u00f5es, Condom\u00ednio do Livro, Condom\u00ednio da Sa\u00fade, Condom\u00ednio da Cultura e outros. Caracteriza-se [&hellip;]<\/p>\n","protected":false},"author":1,"featured_media":0,"parent":0,"menu_order":0,"comment_status":"closed","ping_status":"open","template":"","meta":{"footnotes":""},"class_list":["post-331","page","type-page","status-publish","hentry"],"yoast_head":"<!-- This site is optimized with the Yoast SEO plugin v26.9 - https:\/\/yoast.com\/product\/yoast-seo-wordpress\/ -->\n<title>Termos de Uso - Cidade dos Condom\u00ednios<\/title>\n<meta name=\"robots\" content=\"index, follow, max-snippet:-1, max-image-preview:large, max-video-preview:-1\" \/>\n<link rel=\"canonical\" href=\"https:\/\/cidadedoscondominios.com.br\/expocenter\/termos-de-uso\/\" \/>\n<meta property=\"og:locale\" content=\"pt_BR\" \/>\n<meta property=\"og:type\" content=\"article\" \/>\n<meta property=\"og:title\" content=\"Termos de Uso - Cidade dos Condom\u00ednios\" \/>\n<meta property=\"og:description\" content=\"1. OBJETIVO DO SITIO CIDADE DOS CONDOM\u00cdNIOS 1.1. Este s\u00edtio foi desenvolvido com o intuito de representar uma cidade virtual com espa\u00e7os para diferentes \u00e1reas de interesse e neg\u00f3cios, exposi\u00e7\u00f5es permanentes e eventos, distribu\u00eddas em locais virtuais denominados Condom\u00ednios, como Condom\u00ednio de Exposi\u00e7\u00f5es, Condom\u00ednio do Livro, Condom\u00ednio da Sa\u00fade, Condom\u00ednio da Cultura e outros. Caracteriza-se [&hellip;]\" \/>\n<meta property=\"og:url\" content=\"https:\/\/cidadedoscondominios.com.br\/expocenter\/termos-de-uso\/\" \/>\n<meta property=\"og:site_name\" content=\"Cidade dos Condom\u00ednios\" \/>\n<meta property=\"article:modified_time\" content=\"2021-03-24T16:33:33+00:00\" \/>\n<meta name=\"twitter:card\" content=\"summary_large_image\" \/>\n<meta name=\"twitter:label1\" content=\"Est. tempo de leitura\" \/>\n\t<meta name=\"twitter:data1\" content=\"11 minutos\" \/>\n<script type=\"application\/ld+json\" class=\"yoast-schema-graph\">{\"@context\":\"https:\/\/schema.org\",\"@graph\":[{\"@type\":\"WebPage\",\"@id\":\"https:\/\/cidadedoscondominios.com.br\/expocenter\/termos-de-uso\/\",\"url\":\"https:\/\/cidadedoscondominios.com.br\/expocenter\/termos-de-uso\/\",\"name\":\"Termos de Uso - Cidade dos Condom\u00ednios\",\"isPartOf\":{\"@id\":\"https:\/\/cidadedoscondominios.com.br\/expocenter\/#website\"},\"datePublished\":\"2021-03-24T15:59:14+00:00\",\"dateModified\":\"2021-03-24T16:33:33+00:00\",\"breadcrumb\":{\"@id\":\"https:\/\/cidadedoscondominios.com.br\/expocenter\/termos-de-uso\/#breadcrumb\"},\"inLanguage\":\"pt-BR\",\"potentialAction\":[{\"@type\":\"ReadAction\",\"target\":[\"https:\/\/cidadedoscondominios.com.br\/expocenter\/termos-de-uso\/\"]}]},{\"@type\":\"BreadcrumbList\",\"@id\":\"https:\/\/cidadedoscondominios.com.br\/expocenter\/termos-de-uso\/#breadcrumb\",\"itemListElement\":[{\"@type\":\"ListItem\",\"position\":1,\"name\":\"In\u00edcio\",\"item\":\"https:\/\/cidadedoscondominios.com.br\/expocenter\/\"},{\"@type\":\"ListItem\",\"position\":2,\"name\":\"Termos de Uso\"}]},{\"@type\":\"WebSite\",\"@id\":\"https:\/\/cidadedoscondominios.com.br\/expocenter\/#website\",\"url\":\"https:\/\/cidadedoscondominios.com.br\/expocenter\/\",\"name\":\"Cidade dos Condom\u00ednios\",\"description\":\"ExpoCenter\",\"potentialAction\":[{\"@type\":\"SearchAction\",\"target\":{\"@type\":\"EntryPoint\",\"urlTemplate\":\"https:\/\/cidadedoscondominios.com.br\/expocenter\/?s={search_term_string}\"},\"query-input\":{\"@type\":\"PropertyValueSpecification\",\"valueRequired\":true,\"valueName\":\"search_term_string\"}}],\"inLanguage\":\"pt-BR\"}]}<\/script>\n<!-- \/ Yoast SEO plugin. -->","yoast_head_json":{"title":"Termos de Uso - Cidade dos Condom\u00ednios","robots":{"index":"index","follow":"follow","max-snippet":"max-snippet:-1","max-image-preview":"max-image-preview:large","max-video-preview":"max-video-preview:-1"},"canonical":"https:\/\/cidadedoscondominios.com.br\/expocenter\/termos-de-uso\/","og_locale":"pt_BR","og_type":"article","og_title":"Termos de Uso - Cidade dos Condom\u00ednios","og_description":"1. OBJETIVO DO SITIO CIDADE DOS CONDOM\u00cdNIOS 1.1. Este s\u00edtio foi desenvolvido com o intuito de representar uma cidade virtual com espa\u00e7os para diferentes \u00e1reas de interesse e neg\u00f3cios, exposi\u00e7\u00f5es permanentes e eventos, distribu\u00eddas em locais virtuais denominados Condom\u00ednios, como Condom\u00ednio de Exposi\u00e7\u00f5es, Condom\u00ednio do Livro, Condom\u00ednio da Sa\u00fade, Condom\u00ednio da Cultura e outros. Caracteriza-se [&hellip;]","og_url":"https:\/\/cidadedoscondominios.com.br\/expocenter\/termos-de-uso\/","og_site_name":"Cidade dos Condom\u00ednios","article_modified_time":"2021-03-24T16:33:33+00:00","twitter_card":"summary_large_image","twitter_misc":{"Est. tempo de leitura":"11 minutos"},"schema":{"@context":"https:\/\/schema.org","@graph":[{"@type":"WebPage","@id":"https:\/\/cidadedoscondominios.com.br\/expocenter\/termos-de-uso\/","url":"https:\/\/cidadedoscondominios.com.br\/expocenter\/termos-de-uso\/","name":"Termos de Uso - Cidade dos Condom\u00ednios","isPartOf":{"@id":"https:\/\/cidadedoscondominios.com.br\/expocenter\/#website"},"datePublished":"2021-03-24T15:59:14+00:00","dateModified":"2021-03-24T16:33:33+00:00","breadcrumb":{"@id":"https:\/\/cidadedoscondominios.com.br\/expocenter\/termos-de-uso\/#breadcrumb"},"inLanguage":"pt-BR","potentialAction":[{"@type":"ReadAction","target":["https:\/\/cidadedoscondominios.com.br\/expocenter\/termos-de-uso\/"]}]},{"@type":"BreadcrumbList","@id":"https:\/\/cidadedoscondominios.com.br\/expocenter\/termos-de-uso\/#breadcrumb","itemListElement":[{"@type":"ListItem","position":1,"name":"In\u00edcio","item":"https:\/\/cidadedoscondominios.com.br\/expocenter\/"},{"@type":"ListItem","position":2,"name":"Termos de Uso"}]},{"@type":"WebSite","@id":"https:\/\/cidadedoscondominios.com.br\/expocenter\/#website","url":"https:\/\/cidadedoscondominios.com.br\/expocenter\/","name":"Cidade dos Condom\u00ednios","description":"ExpoCenter","potentialAction":[{"@type":"SearchAction","target":{"@type":"EntryPoint","urlTemplate":"https:\/\/cidadedoscondominios.com.br\/expocenter\/?s={search_term_string}"},"query-input":{"@type":"PropertyValueSpecification","valueRequired":true,"valueName":"search_term_string"}}],"inLanguage":"pt-BR"}]}},"_links":{"self":[{"href":"https:\/\/cidadedoscondominios.com.br\/expocenter\/wp-json\/wp\/v2\/pages\/331","targetHints":{"allow":["GET"]}}],"collection":[{"href":"https:\/\/cidadedoscondominios.com.br\/expocenter\/wp-json\/wp\/v2\/pages"}],"about":[{"href":"https:\/\/cidadedoscondominios.com.br\/expocenter\/wp-json\/wp\/v2\/types\/page"}],"author":[{"embeddable":true,"href":"https:\/\/cidadedoscondominios.com.br\/expocenter\/wp-json\/wp\/v2\/users\/1"}],"replies":[{"embeddable":true,"href":"https:\/\/cidadedoscondominios.com.br\/expocenter\/wp-json\/wp\/v2\/comments?post=331"}],"version-history":[{"count":7,"href":"https:\/\/cidadedoscondominios.com.br\/expocenter\/wp-json\/wp\/v2\/pages\/331\/revisions"}],"predecessor-version":[{"id":338,"href":"https:\/\/cidadedoscondominios.com.br\/expocenter\/wp-json\/wp\/v2\/pages\/331\/revisions\/338"}],"wp:attachment":[{"href":"https:\/\/cidadedoscondominios.com.br\/expocenter\/wp-json\/wp\/v2\/media?parent=331"}],"curies":[{"name":"wp","href":"https:\/\/api.w.org\/{rel}","templated":true}]}}